{"id":15,"date":"2025-03-11T21:08:08","date_gmt":"2025-03-11T21:08:08","guid":{"rendered":"http:\/\/kamil.simsooon.pl\/?page_id=15"},"modified":"2025-03-28T13:13:57","modified_gmt":"2025-03-28T13:13:57","slug":"stylove","status":"publish","type":"page","link":"https:\/\/kamil.simsooon.pl\/","title":{"rendered":"Stylove"},"content":{"rendered":"<section class=\"bde-section-15-109 bde-section\">\n  \n  \n\t\n\n\n\n<div class=\"section-container\"><div class=\"bde-fancy-container-15-145 bde-fancy-container\">\n              \n  \n  \n\t\n  <div class=\"breakdance-swiper-wrapper section-background-slideshow\">\n    <div class=\"swiper\">\n      <!-- Additional required wrapper -->\n      <div class=\"swiper-wrapper\">\n        <!-- Slides -->\n                  <div class=\"swiper-slide\">\n            <div class=\"swiper-slide-item\" style=\"background-image: url(http:\/\/kamil.simsooon.pl\/wp-content\/uploads\/2025\/03\/Karolina-i-Marcin-teledysk-slubny.00_00_21_09.Still001-scaled.jpg);\"><\/div>\n          <\/div>\n                  <div class=\"swiper-slide\">\n            <div class=\"swiper-slide-item\" style=\"background-image: url(http:\/\/kamil.simsooon.pl\/wp-content\/uploads\/2025\/03\/Alicja-i-SImon-teledysk-slubny.00_02_20_09.Still004-scaled.jpg);\"><\/div>\n          <\/div>\n                  <div class=\"swiper-slide\">\n            <div class=\"swiper-slide-item\" style=\"background-image: url(http:\/\/kamil.simsooon.pl\/wp-content\/uploads\/2025\/03\/Kinga-i-Tomasz-film-slubny.00_29_42_06.Still001-scaled.jpg);\"><\/div>\n          <\/div>\n              <\/div>\n    <\/div>\n  <\/div>\n\n\n\n<div class=\"bde-div-15-149 bde-div\">\n  \n  \n\t\n\n\n\n<h1 class=\"bde-heading-15-146 bde-heading\">\nStylove\n<\/h1><h1 class=\"bde-heading-15-147 bde-heading\">\nFILM \u015aLUBNY\n<\/h1>\n<\/div><div class=\"bde-text-15-148 bde-text\">\nZapraszam w podr\u00f3\u017c po \u015bwiecie filmu \u015blubnego\n<\/div>\n<\/div><\/div>\n<\/section><section class=\"bde-section-15-151 bde-section\">\n  \n  \n\t\n\n\n\n<div class=\"section-container\"><div class=\"bde-columns-15-152 bde-columns\"><div class=\"bde-column-15-153 bde-column\">\n  \n  \n\t\n\n\n\n<div class=\"bde-div-15-165 bde-div\">\n  \n  \n\t\n\n\n\n<h1 class=\"bde-heading-15-156 bde-heading\">\nHej!\n<\/h1><h1 class=\"bde-heading-15-158 bde-heading\">\ntu Kamil.\n<\/h1><div class=\"bde-text-15-157 bde-text\">\nTo co tworz\u0119 to nie tylko filmy, ale i wspomnienia, staraj\u0105c si\u0119 Was obserwowa\u0107. <br><br>Uwa\u017cam, \u017ce moje i Wasze zaanga\u017cowanie \u2013 to spos\u00f3b na sukces, czyli pami\u0105tk\u0119 pe\u0142n\u0105 wzrusze\u0144 i chwil szcz\u0119\u015bcia.<br><br>Dbam o to, aby w mojej pracy jak najdok\u0142adniej odzwierciedli\u0107 Was, Wasze upodobania i charaktery, bo po prostu robi\u0119 to z mi\u0142o\u015bci do prawdziwej mi\u0142o\u015bci.\n<\/div>\n<\/div><div class=\"bde-div-15-166 bde-div\">\n  \n  \n\t\n\n\n\n<div class=\"bde-button-15-164 bde-button\">\n    \n                                    \n    \n    \n    \n    \n            \n            <button type=\"button\" class=\"button-atom button-atom--custom bde-button__button\"  >\n    \n        <span class=\"button-atom__text\">Wi\u0119cej o mnie<\/span>\n\n        \n        \n            <\/button>\n    \n\n\n<\/div>\n<\/div>\n<\/div><div class=\"bde-column-15-154 bde-column\">\n  \n  \n\t\n\n\n\n<div class=\"bde-fancy-container-15-155 bde-fancy-container\">\n  \n  \n\t\n\n\n\n\n<\/div>\n<\/div><\/div><\/div>\n<\/section><section class=\"bde-section-15-159 bde-section\">\n  \n  \n\t\n\n\n\n<div class=\"section-container\"><div class=\"bde-div-15-168 bde-div\">\n  \n  \n\t\n\n\n\n<h1 class=\"bde-heading-15-167 bde-heading\">\nTworz\u0119\n<\/h1>\n<\/div><div class=\"bde-grid-15-161 bde-grid\">\n  \n  \n\t\n\n\n\n<div class=\"bde-fancy-container-15-163 bde-fancy-container\">\n  \n  \n\t\n\n\n\n\n<\/div><div class=\"bde-fancy-container-15-174 bde-fancy-container\">\n  \n  \n\t\n\n\n\n\n<\/div><div class=\"bde-fancy-container-15-175 bde-fancy-container\">\n  \n  \n\t\n\n\n\n\n<\/div><div class=\"bde-fancy-container-15-176 bde-fancy-container\">\n  \n  \n\t\n\n\n\n\n<\/div><div class=\"bde-fancy-container-15-177 bde-fancy-container\">\n  \n  \n\t\n\n\n\n\n<\/div><div class=\"bde-fancy-container-15-178 bde-fancy-container\">\n  \n  \n\t\n\n\n\n\n<\/div>\n<\/div><\/div>\n<\/section><section class=\"bde-section-15-202 bde-section\">\n  \n  \n\t\n\n\n\n<div class=\"section-container\"><div class=\"bde-div-15-203 bde-div\">\n  \n  \n\t\n\n\n\n<div class=\"bde-columns-15-204 bde-columns\"><div class=\"bde-column-15-205 bde-column\">\n  \n  \n\t\n\n\n\n<div class=\"bde-icon-list-15-210 bde-icon-list\">\n<ul>\n  \n              \n    <li>\n              <div class='bde-icon-list__item-wrapper'>\n      \n      <span class='bde-icon-list__icon'>\n        <svg xmlns=\"http:\/\/www.w3.org\/2000\/svg\" viewBox=\"0 0 512 512\"><!-- Font Awesome Free 5.15.1 by @fontawesome - https:\/\/fontawesome.com License - https:\/\/fontawesome.com\/license\/free (Icons: CC BY 4.0, Fonts: SIL OFL 1.1, Code: MIT License) --><path d=\"M279.135 512c78.756 0 150.982-35.804 198.844-94.775 28.27-34.831-2.558-85.722-46.249-77.401-82.348 15.683-158.272-47.268-158.272-130.792 0-48.424 26.06-92.292 67.434-115.836 38.745-22.05 28.999-80.788-15.022-88.919A257.936 257.936 0 0 0 279.135 0c-141.36 0-256 114.575-256 256 0 141.36 114.576 256 256 256zm0-464c12.985 0 25.689 1.201 38.016 3.478-54.76 31.163-91.693 90.042-91.693 157.554 0 113.848 103.641 199.2 215.252 177.944C402.574 433.964 344.366 464 279.135 464c-114.875 0-208-93.125-208-208s93.125-208 208-208z\"\/><\/svg>\n      <\/span>\n      <span class='bde-icon-list__text' >\n      Film \u015blubny ~ 20-30 min\n      <\/span>\n              <\/div>\n      \n    <\/li>\n\n  \n              \n    <li>\n              <div class='bde-icon-list__item-wrapper'>\n      \n      <span class='bde-icon-list__icon'>\n        <svg xmlns=\"http:\/\/www.w3.org\/2000\/svg\" viewBox=\"0 0 352 512\"><!-- Font Awesome Free 5.15.1 by @fontawesome - https:\/\/fontawesome.com License - https:\/\/fontawesome.com\/license\/free (Icons: CC BY 4.0, Fonts: SIL OFL 1.1, Code: MIT License) --><path d=\"M176 80c-52.94 0-96 43.06-96 96 0 8.84 7.16 16 16 16s16-7.16 16-16c0-35.3 28.72-64 64-64 8.84 0 16-7.16 16-16s-7.16-16-16-16zM96.06 459.17c0 3.15.93 6.22 2.68 8.84l24.51 36.84c2.97 4.46 7.97 7.14 13.32 7.14h78.85c5.36 0 10.36-2.68 13.32-7.14l24.51-36.84c1.74-2.62 2.67-5.7 2.68-8.84l.05-43.18H96.02l.04 43.18zM176 0C73.72 0 0 82.97 0 176c0 44.37 16.45 84.85 43.56 115.78 16.64 18.99 42.74 58.8 52.42 92.16v.06h48v-.12c-.01-4.77-.72-9.51-2.15-14.07-5.59-17.81-22.82-64.77-62.17-109.67-20.54-23.43-31.52-53.15-31.61-84.14-.2-73.64 59.67-128 127.95-128 70.58 0 128 57.42 128 128 0 30.97-11.24 60.85-31.65 84.14-39.11 44.61-56.42 91.47-62.1 109.46a47.507 47.507 0 0 0-2.22 14.3v.1h48v-.05c9.68-33.37 35.78-73.18 52.42-92.16C335.55 260.85 352 220.37 352 176 352 78.8 273.2 0 176 0z\"\/><\/svg>\n      <\/span>\n      <span class='bde-icon-list__text' >\n      500 lumens of brightness\n      <\/span>\n              <\/div>\n      \n    <\/li>\n\n  \n              \n    <li>\n              <div class='bde-icon-list__item-wrapper'>\n      \n      <span class='bde-icon-list__icon'>\n        <svg xmlns=\"http:\/\/www.w3.org\/2000\/svg\" viewBox=\"0 0 640 512\"><!-- Font Awesome Free 5.15.1 by @fontawesome - https:\/\/fontawesome.com License - https:\/\/fontawesome.com\/license\/free (Icons: CC BY 4.0, Fonts: SIL OFL 1.1, Code: MIT License) --><path d=\"M431.98 448.01l-47.97.05V416h-128v32.21l-47.98.05c-8.82.01-15.97 7.16-15.98 15.99l-.05 31.73c-.01 8.85 7.17 16.03 16.02 16.02l223.96-.26c8.82-.01 15.97-7.16 15.98-15.98l.04-31.73c.01-8.85-7.17-16.03-16.02-16.02zM585.2 26.74C582.58 11.31 568.99 0 553.06 0H86.93C71 0 57.41 11.31 54.79 26.74-3.32 369.16.04 348.08.03 352c-.03 17.32 14.29 32 32.6 32h574.74c18.23 0 32.51-14.56 32.59-31.79.02-4.08 3.35 16.95-54.76-325.47zM259.83 64h120.33l9.77 96H250.06l9.77-96zm-75.17 256H71.09L90.1 208h105.97l-11.41 112zm16.29-160H98.24l16.29-96h96.19l-9.77 96zm32.82 160l11.4-112h149.65l11.4 112H233.77zm195.5-256h96.19l16.29 96H439.04l-9.77-96zm26.06 256l-11.4-112H549.9l19.01 112H455.33z\"\/><\/svg>\n      <\/span>\n      <span class='bde-icon-list__text' >\n      Extremely energy efficient\n      <\/span>\n              <\/div>\n      \n    <\/li>\n\n  <\/ul>\n\n<\/div>\n<\/div><div class=\"bde-column-15-206 bde-column\">\n  \n  \n\t\n\n\n\n<h1 class=\"bde-heading-15-208 bde-heading\">\nOferta\n<\/h1><div class=\"bde-text-15-211 bde-text\">\nfilm \u015blubny + teledysk\n<\/div>\n<\/div><div class=\"bde-column-15-207 bde-column\">\n  \n  \n\t\n\n\n\n\n<\/div><\/div>\n<\/div><\/div>\n<\/section><section class=\"bde-section-15-179 bde-section\">\n  \n  \n\t\n\n\n\n<div class=\"section-container\"><div class=\"bde-columns-15-180 bde-columns\"><div class=\"bde-column-15-181 bde-column\">\n  \n  \n\t\n\n\n\n<h1 class=\"bde-heading-15-183 bde-heading\">\nPoznajmy si\u0119!\n<\/h1>\n<\/div><div class=\"bde-column-15-182 bde-column\">\n  \n  \n\t\n\n\n\n<div class=\"bde-text-15-184 bde-text\">\nNapisz do nas, \u017ceby si\u0119 pozna\u0107. Um\u00f3wimy si\u0119 na spotkanie i om\u00f3wimy nasz\u0105\n<\/div>\n<\/div><\/div><\/div>\n<\/section><section class=\"bde-section-15-169 bde-section\">\n  \n  \n\t\n\n\n\n<div class=\"section-container\"><div class=\"bde-columns-15-170 bde-columns\"><div class=\"bde-column-15-171 bde-column\">\n  \n  \n\t\n\n\n\n<div class=\"bde-grid-15-185 bde-grid\">\n  \n  \n\t\n\n\n\n<div class=\"bde-columns-15-186 bde-columns\"><div class=\"bde-column-15-187 bde-column\">\n  \n  \n\t\n\n\n\n<div class=\"bde-text-15-189 bde-text\">\nnapisz\u00a0\n<\/div>\n<\/div><\/div>\n<\/div>\n<\/div><div class=\"bde-column-15-188 bde-column\">\n  \n  \n\t\n\n\n\n\n<\/div><div class=\"bde-column-15-172 bde-column\">\n  \n  \n\t\n\n\n\n<div class=\"bde-form-builder-15-173 bde-form-builder\">\n\n\n<form id=\"contact-form173\" class=\"breakdance-form breakdance-form--vertical\" data-options=\"{&quot;slug&quot;:&quot;custom&quot;,&quot;name&quot;:&quot;Contact Form&quot;,&quot;ajaxUrl&quot;:&quot;https:\\\/\\\/kamil.simsooon.pl\\\/wp-admin\\\/admin-ajax.php&quot;,&quot;clearOnSuccess&quot;:true,&quot;hideOnSuccess&quot;:false,&quot;successMessage&quot;:&quot;Dzi\\u0119kujemy! Skontaktujemy si\\u0119 w kr\\u00f3tce. &quot;,&quot;errorMessage&quot;:&quot;Co\\u015b posz\\u0142o nie tak, spr\\u00f3b\\u00f3j jeszcze raz.&quot;,&quot;redirect&quot;:false,&quot;redirectUrl&quot;:&quot;&quot;,&quot;customJavaScript&quot;:&quot;&quot;,&quot;recaptcha&quot;:{&quot;key&quot;:&quot;&quot;,&quot;enabled&quot;:false},&quot;honeypot_enabled&quot;:false,&quot;popupsOnSuccess&quot;:[],&quot;popupsOnError&quot;:[]}\" data-steps=\"0\" >\n  \n  \n  \n<div class=\"breakdance-form-field breakdance-form-field--text\" >\n    \n    \n            <label class=\"breakdance-form-field__label\" for=\"name\">\n            Imi\u0119 i nazwisko<span class=\"breakdance-form-field__required\">*<\/span>\n        <\/label>\n    \n    <input\n    class=\"breakdance-form-field__input\"\n    id=\"name\"\n    aria-describedby=\"name\"\n    type=\"text\"\n    name=\"fields[name]\"\n    placeholder=\"\"\n    value=\"\"\n                \n        \n        \n    required\n    \n    \n>\n\n\n    \n    \n<\/div>\n\n\n<div class=\"breakdance-form-field breakdance-form-field--email\" >\n    \n    \n            <label class=\"breakdance-form-field__label\" for=\"email\">\n            adres Email<span class=\"breakdance-form-field__required\">*<\/span>\n        <\/label>\n    \n    <input\n    class=\"breakdance-form-field__input\"\n    id=\"email\"\n    aria-describedby=\"email\"\n    type=\"email\"\n    name=\"fields[email]\"\n    placeholder=\"\"\n    value=\"\"\n                \n        \n        \n    required\n    \n    \n>\n\n\n    \n    \n<\/div>\n\n\n<div class=\"breakdance-form-field breakdance-form-field--date\" >\n    \n    \n            <label class=\"breakdance-form-field__label\" for=\"message\">\n            Data<span class=\"breakdance-form-field__required\">*<\/span>\n        <\/label>\n    \n    <input\n    class=\"breakdance-form-field__input\"\n    id=\"message\"\n    aria-describedby=\"message\"\n    type=\"date\"\n    name=\"fields[message]\"\n    placeholder=\"\"\n    value=\"\"\n                \n        \n        \n    required\n    \n    \n>\n\n\n    \n    \n<\/div>\n\n\n<div class=\"breakdance-form-field breakdance-form-field--text\" >\n    \n    \n            <label class=\"breakdance-form-field__label\" for=\"mrfqyr\">\n            Miejsce ceremoni\n        <\/label>\n    \n    <input\n    class=\"breakdance-form-field__input\"\n    id=\"mrfqyr\"\n    aria-describedby=\"mrfqyr\"\n    type=\"text\"\n    name=\"fields[mrfqyr]\"\n    placeholder=\"\"\n    value=\"\"\n                \n        \n        \n    \n    \n    \n>\n\n\n    \n    \n<\/div>\n\n\n<div class=\"breakdance-form-field breakdance-form-field--text\" >\n    \n    \n            <label class=\"breakdance-form-field__label\" for=\"sujzpt\">\n            Miejsce przyj\u0119cia weselnego\n        <\/label>\n    \n    <input\n    class=\"breakdance-form-field__input\"\n    id=\"sujzpt\"\n    aria-describedby=\"sujzpt\"\n    type=\"text\"\n    name=\"fields[sujzpt]\"\n    placeholder=\"\"\n    value=\"\"\n                \n        \n        \n    \n    \n    \n>\n\n\n    \n    \n<\/div>\n\n\n<div class=\"breakdance-form-field breakdance-form-field--number\" >\n    \n    \n            <label class=\"breakdance-form-field__label\" for=\"xomklb\">\n            numer kontaktowy\n        <\/label>\n    \n    <input\n    class=\"breakdance-form-field__input\"\n    id=\"xomklb\"\n    aria-describedby=\"xomklb\"\n    type=\"number\"\n    name=\"fields[xomklb]\"\n    placeholder=\"\"\n    value=\"\"\n                \n        \n        \n    \n    \n    \n>\n\n\n    \n    \n<\/div>\n\n\n<div class=\"breakdance-form-field breakdance-form-field--text\" >\n    \n    \n            <label class=\"breakdance-form-field__label\" for=\"hsoede\">\n            Tre\u015b\u0107\n        <\/label>\n    \n    <input\n    class=\"breakdance-form-field__input\"\n    id=\"hsoede\"\n    aria-describedby=\"hsoede\"\n    type=\"text\"\n    name=\"fields[hsoede]\"\n    placeholder=\"\"\n    value=\"\"\n                \n        \n        \n    \n    \n    \n>\n\n\n    \n    \n<\/div>\n\n\n  \n\n<div class=\"breakdance-form-field breakdance-form-footer\">\n    \n    \n                                    \n    \n    \n    \n    \n            \n            <button type=\"submit\" class=\"button-atom button-atom--primary breakdance-form-button breakdance-form-button__submit\"  >\n    \n        <span class=\"button-atom__text\">Prze\u015blij<\/span>\n\n        \n        \n            <\/button>\n    \n    <input type=\"hidden\" name=\"form_id\" value=\"173\">\n    <input type=\"hidden\" name=\"post_id\" value=\"15\">\n<\/div>\n\n  \n<\/form>\n\n\n\n<\/div>\n<\/div><\/div><\/div>\n<\/section><header class=\"bde-header-builder-15-191 bde-header-builder bde-header-builder--sticky-scroll-slide\">\n\n<div class=\"bde-header-builder__container\"><div class=\"bde-columns-15-192 bde-columns\"><div class=\"bde-column-15-193 bde-column\">\n  \n  \n\t\n\n\n\n\n<\/div><div class=\"bde-column-15-194 bde-column\">\n  \n  \n\t\n\n\n\n<img decoding=\"async\" class=\"bde-image2-15-195 bde-image2\" src=\"http:\/\/kamil.simsooon.pl\/wp-content\/uploads\/2025\/03\/stylove-01-e1741729014922.png\" loading=\"lazy\" srcset=\"http:\/\/kamil.simsooon.pl\/wp-content\/uploads\/2025\/03\/stylove-01-e1741729014922.png 954w, http:\/\/kamil.simsooon.pl\/wp-content\/uploads\/2025\/03\/stylove-01-e1741729014922-300x135.png 300w, http:\/\/kamil.simsooon.pl\/wp-content\/uploads\/2025\/03\/stylove-01-e1741729014922-768x345.png 768w\" sizes=\"(max-width: 954px) 100vw, 954px\">\n<\/div><div class=\"bde-column-15-196 bde-column\">\n  \n  \n\t\n\n\n\n<div class=\"bde-menu-15-197 bde-menu\">\n\n\n      \n        \n    <nav class=\"breakdance-menu breakdance-menu--collapse    \">\n    <button class=\"breakdance-menu-toggle breakdance-menu-toggle--squeeze\" type=\"button\" aria-label=\"Open Menu\" aria-expanded=\"false\" aria-controls=\"menu-197\">\n                  <span class=\"breakdance-menu-toggle-icon\">\n            <span class=\"breakdance-menu-toggle-lines\"><\/span>\n          <\/span>\n            <\/button>\n    \n  <ul class=\"breakdance-menu-list\" id=\"menu-197\">\n              \n  \n    <li class=\"breakdance-menu-item-15-198 breakdance-menu-item\">\n        \n            \n            \n\n    \n    \n    \n    \n    \n    <a class=\"breakdance-link breakdance-menu-link\" href=\"#\" target=\"_self\" data-type=\"url\"  >\n  O MNIE\n    <\/a>\n\n<\/li><li class=\"breakdance-menu-item-15-199 breakdance-menu-item\">\n        \n            \n            \n\n    \n    \n    \n    \n    \n    <a class=\"breakdance-link breakdance-menu-link\" href=\"#\" target=\"_self\" data-type=\"url\"  >\n  FILMY\n    <\/a>\n\n<\/li><li class=\"breakdance-menu-item-15-200 breakdance-menu-item\">\n        \n            \n            \n\n    \n    \n    \n    \n    \n    <a class=\"breakdance-link breakdance-menu-link\" href=\"#\" target=\"_self\" data-type=\"url\"  >\n  OFERTA\n    <\/a>\n\n<\/li><li class=\"breakdance-menu-item-15-201 breakdance-menu-item\">\n        \n            \n            \n\n    \n    \n    \n    \n    \n    <a class=\"breakdance-link breakdance-menu-link\" href=\"#\" target=\"_self\" data-type=\"url\"  >\n  KONTAKT\n    <\/a>\n\n<\/li>\n  <\/ul>\n  <\/nav>\n\n\n<\/div>\n<\/div><\/div><\/div>\n\n\n<\/header>","protected":false},"excerpt":{"rendered":"<p>Stylove FILM \u015aLUBNY Zapraszam w podr\u00f3\u017c po \u015bwiecie filmu \u015blubnego Hej! tu Kamil. To co tworz\u0119 to nie tylko filmy, ale i wspomnienia, staraj\u0105c si\u0119 Was obserwowa\u0107. Uwa\u017cam, \u017ce moje i Wasze zaanga\u017cowanie \u2013 to spos\u00f3b na sukces, czyli pami\u0105tk\u0119 pe\u0142n\u0105 wzrusze\u0144 i chwil szcz\u0119\u015bcia.Dbam o to, aby w mojej pracy jak najdok\u0142adniej odzwierciedli\u0107 Was, [&hellip;]<\/p>\n","protected":false},"author":1,"featured_media":0,"parent":0,"menu_order":0,"comment_status":"closed","ping_status":"closed","template":"","meta":{"_breakdance_hide_in_design_set":false,"_breakdance_tags":"","footnotes":""},"class_list":["post-15","page","type-page","status-publish","hentry"],"_links":{"self":[{"href":"https:\/\/kamil.simsooon.pl\/index.php\/wp-json\/wp\/v2\/pages\/15","targetHints":{"allow":["GET"]}}],"collection":[{"href":"https:\/\/kamil.simsooon.pl\/index.php\/wp-json\/wp\/v2\/pages"}],"about":[{"href":"https:\/\/kamil.simsooon.pl\/index.php\/wp-json\/wp\/v2\/types\/page"}],"author":[{"embeddable":true,"href":"https:\/\/kamil.simsooon.pl\/index.php\/wp-json\/wp\/v2\/users\/1"}],"replies":[{"embeddable":true,"href":"https:\/\/kamil.simsooon.pl\/index.php\/wp-json\/wp\/v2\/comments?post=15"}],"version-history":[{"count":32,"href":"https:\/\/kamil.simsooon.pl\/index.php\/wp-json\/wp\/v2\/pages\/15\/revisions"}],"predecessor-version":[{"id":68,"href":"https:\/\/kamil.simsooon.pl\/index.php\/wp-json\/wp\/v2\/pages\/15\/revisions\/68"}],"wp:attachment":[{"href":"https:\/\/kamil.simsooon.pl\/index.php\/wp-json\/wp\/v2\/media?parent=15"}],"curies":[{"name":"wp","href":"https:\/\/api.w.org\/{rel}","templated":true}]}}